{"id":5,"date":"2022-09-13T10:14:02","date_gmt":"2022-09-13T10:14:02","guid":{"rendered":"https:\/\/www.scheele-gesellschaft.de\/wp\/?page_id=5"},"modified":"2025-07-10T14:29:12","modified_gmt":"2025-07-10T14:29:12","slug":"elementor-5","status":"publish","type":"page","link":"https:\/\/www.scheele-gesellschaft.de\/","title":{"rendered":"Home"},"content":{"rendered":"<h2 style=\"text-align: center;\">Herzlich willkommen bei der Scheele-Gesellschaft!<\/h2>\n<p style=\"text-align: center;\"><img loading=\"lazy\" decoding=\"async\" class=\"alignnone size-medium wp-image-108\" src=\"https:\/\/www.scheele-gesellschaft.de\/wp-content\/uploads\/2023\/07\/ScheeleLogo-300x300.png\" alt=\"\" width=\"300\" height=\"300\" srcset=\"https:\/\/www.scheele-gesellschaft.de\/wp-content\/uploads\/2023\/07\/ScheeleLogo-300x300.png 300w, https:\/\/www.scheele-gesellschaft.de\/wp-content\/uploads\/2023\/07\/ScheeleLogo-1024x1024.png 1024w, https:\/\/www.scheele-gesellschaft.de\/wp-content\/uploads\/2023\/07\/ScheeleLogo-150x150.png 150w, https:\/\/www.scheele-gesellschaft.de\/wp-content\/uploads\/2023\/07\/ScheeleLogo-768x768.png 768w, https:\/\/www.scheele-gesellschaft.de\/wp-content\/uploads\/2023\/07\/ScheeleLogo-1536x1536.png 1536w, https:\/\/www.scheele-gesellschaft.de\/wp-content\/uploads\/2023\/07\/ScheeleLogo-2048x2048.png 2048w, https:\/\/www.scheele-gesellschaft.de\/wp-content\/uploads\/2023\/07\/ScheeleLogo-1568x1568.png 1568w\" sizes=\"auto, (max-width: 300px) 100vw, 300px\" \/><\/p>\n<p style=\"text-align: center;\">Sehr geehrte Mitglieder,<br \/>\nsehr geehrte Damen und Herren,<\/p>\n<p style=\"text-align: center;\">wir hei\u00dfen Sie herzlich willkommen auf der Homepage der Scheele-Gesellschaft.<\/p>\n<p style=\"text-align: center;\">Die Scheele-Gesellschaft ist die Landesgruppe der <a href=\"https:\/\/www.dphg.de\/gruppen\/mecklenburg-vorpommern-scheele-gesellschaft\" target=\"_blank\" rel=\"noopener\">Deutschen Pharmazeutischen Gesellschaft e.V. (DPhG)<\/a>. Mit \u00fcber 10.000 Mitgliedern ist die DPhG eine der gro\u00dfen Wissenschaftsgesellschaften in Deutschland. Die DPhG Landesgruppe M-V hat fast 500 Mitglieder. Sie wurde 1948 auf Initiative von Prof. Dr. Johannes Valentin (Greifswald) gegr\u00fcndet und ist die wissenschaftliche Gesellschaft der deutschen Pharmazie im Bundesland Mecklenburg-Vorpommern. Die Scheele-Gesellschaft versteht sich als Mittler und Bindeglied zwischen der wissenschaftlichen Pharmazie und der pharmazeutischen Praxis. Gemeinsam mit der <a href=\"http:\/\/www.akmv.de\" target=\"_blank\" rel=\"noopener\">Apothekerkammer-MV<\/a> organisiert die Scheele-Gesellschaft j\u00e4hrlich eine attraktive Arbeits- und Fortbildungsveranstaltung mit thematischen Schwerpunkten aus verschiedenen pharmazeutischen Fachgebieten an wechselnden Orten im Bundesland.<\/p>\n<p style=\"text-align: center;\">Die Vortragsveranstaltungen erm\u00f6glichen allen Mitgliedern den Austausch wissenschaftlicher Ergebnisse und den unmittelbaren Kontakt zu aktuellen Trends und zum wissenschaftlichen Fortschritt, ohne den eine sinnvolle Praxis nicht m\u00f6glich ist. Weiterhin vertritt die Scheele-Gesellschaft die wissenschaftlichen Interessen aller Pharmazeuten und diskutiert ebenso \u00f6ffentlich standes- und wissenschaftspolitische Fragen und f\u00f6rdert den Berufsnachwuchs und erm\u00f6glicht j\u00e4hrlich 25 Studierenden eine kostenfreie Teilnahme an der Scheele-Tagung (Pharmaziepraktikanten im 3. Studienabschnitt werden die Tagungsgeb\u00fchren erlassen).<\/p>\n","protected":false},"excerpt":{"rendered":"<p>Herzlich willkommen bei der Scheele-Gesellschaft! Sehr geehrte Mitglieder, sehr geehrte Damen und Herren, wir hei\u00dfen Sie herzlich willkommen auf der Homepage der Scheele-Gesellschaft. Die Scheele-Gesellschaft ist die Landesgruppe der Deutschen Pharmazeutischen Gesellschaft e.V. (DPhG). Mit \u00fcber 10.000 Mitgliedern ist die DPhG eine der gro\u00dfen Wissenschaftsgesellschaften in Deutschland. Die DPhG Landesgruppe M-V hat fast 500 Mitglieder. &hellip; <\/p>\n<p class=\"link-more\"><a href=\"https:\/\/www.scheele-gesellschaft.de\/\" class=\"more-link\"><span class=\"screen-reader-text\">\u201eHome\u201c<\/span> weiterlesen<\/a><\/p>\n","protected":false},"author":1,"featured_media":0,"parent":0,"menu_order":0,"comment_status":"closed","ping_status":"closed","template":"","meta":{"footnotes":""},"class_list":["post-5","page","type-page","status-publish","hentry","entry"],"_links":{"self":[{"href":"https:\/\/www.scheele-gesellschaft.de\/index.php?rest_route=\/wp\/v2\/pages\/5","targetHints":{"allow":["GET"]}}],"collection":[{"href":"https:\/\/www.scheele-gesellschaft.de\/index.php?rest_route=\/wp\/v2\/pages"}],"about":[{"href":"https:\/\/www.scheele-gesellschaft.de\/index.php?rest_route=\/wp\/v2\/types\/page"}],"author":[{"embeddable":true,"href":"https:\/\/www.scheele-gesellschaft.de\/index.php?rest_route=\/wp\/v2\/users\/1"}],"replies":[{"embeddable":true,"href":"https:\/\/www.scheele-gesellschaft.de\/index.php?rest_route=%2Fwp%2Fv2%2Fcomments&post=5"}],"version-history":[{"count":17,"href":"https:\/\/www.scheele-gesellschaft.de\/index.php?rest_route=\/wp\/v2\/pages\/5\/revisions"}],"predecessor-version":[{"id":194,"href":"https:\/\/www.scheele-gesellschaft.de\/index.php?rest_route=\/wp\/v2\/pages\/5\/revisions\/194"}],"wp:attachment":[{"href":"https:\/\/www.scheele-gesellschaft.de\/index.php?rest_route=%2Fwp%2Fv2%2Fmedia&parent=5"}],"curies":[{"name":"wp","href":"https:\/\/api.w.org\/{rel}","templated":true}]}}