{"id":29,"date":"2022-09-16T08:58:56","date_gmt":"2022-09-16T08:58:56","guid":{"rendered":"https:\/\/www.scheele-gesellschaft.de\/wp\/?page_id=29"},"modified":"2024-09-02T06:47:28","modified_gmt":"2024-09-02T06:47:28","slug":"mitglied-werden","status":"publish","type":"page","link":"https:\/\/www.scheele-gesellschaft.de\/?page_id=29","title":{"rendered":"Mitglied werden"},"content":{"rendered":"\r\n<h2 class=\"wp-block-heading\" style=\"text-align: left;\">Warum Mitglied werden?<\/h2>\r\n\r\n\r\n\r\n\r\n\r\n<ul class=\"wp-block-list\" style=\"text-align: center;\">\r\n<li style=\"text-align: left;\">pers\u00f6nliche Einladung zu allen Veranstaltungen der Scheele-Gesellschaft<\/li>\r\n<li style=\"text-align: left;\">erm\u00e4\u00dfigte Teilnahmegeb\u00fchr zur j\u00e4hrlichen Tagung, die durch Vortr\u00e4ge zu hochaktuellen Themen und wissenschaftlichen Entwicklungen eine sehr gute Fortbildungsm\u00f6glichkeit darstellt<\/li>\r\n<li style=\"text-align: left;\">Unterst\u00fctzung der Scheele-Gesellschaft in ihrem Anliegen, den wissenschaftlichen Nachwuchs zu f\u00f6rdern<\/li>\r\n<li style=\"text-align: left;\">kostenloser Bezug der Zeitschrift \u201ePharmazie in unserer Zeit\u201c, in der das Wissen zu einzelnen Arzneimittelgruppen auf dem neuesten wissenschaftlichen Stand und praxisbezogen pr\u00e4sentiert wird<\/li>\r\n<li style=\"text-align: left;\">das wissenschaftliche Publikationsorgan der DPhG \u201eArchiv der Pharmazie\u201c mit Originalbeitr\u00e4gen aus allen Bereichen der Pharmazie ist zu einem stark erm\u00e4\u00dfigten Preis erh\u00e4ltlich<\/li>\r\n<\/ul>\r\n<hr \/>\r\n\r\n\r\n<h3 class=\"wp-block-heading\" style=\"text-align: left;\">Die Mitgliedsbeitr\u00e4ge staffeln sich wie folgt:<\/h3>\r\n\r\n\r\n\r\n<ul class=\"wp-block-list\" style=\"text-align: left;\">\r\n<li>Studierende, Doktoranden: 30 \u20ac<\/li>\r\n<li>Senioren: 35 \u20ac<\/li>\r\n<li>ordentliche Mitglieder: 75 \u20ac<\/li>\r\n<li>Firmen u. f\u00f6rdernde Mitglieder: 400 \u20ac<\/li>\r\n<\/ul>\r\n<hr \/>\r\n\r\n\r\n<h3 class=\"wp-block-heading\" style=\"text-align: left;\">Wie werde ich Mitglied?<\/h3>\r\n\r\n\r\n\r\n<p style=\"text-align: left;\">Das Anmeldeformular und die M\u00f6glichkeit sich direkt online anzumelden finden Sie auf folgender Seite der:<\/p>\r\n\r\n\r\n\r\n<p style=\"text-align: left;\">Deutsche Pharmazeutische Gesellschaft e.V.<br \/>Hamburger Allee 26-28<br \/>60486 Frankfurt \/ Main<\/p>\r\n\r\n\r\n\r\n<p style=\"text-align: left;\"><a href=\"https:\/\/www.dphg.de\/werden-sie-dphg-mitglied\" target=\"_blank\" rel=\"noreferrer noopener\">Anmeldung<\/a><\/p>\r\n<p style=\"text-align: left;\"><strong>Vergessen Sie bei der Anmeldung nicht zu vermerken, dass Sie Mitglied der Landesgruppe M-V (Scheele Gesellschaft) werden m\u00f6chten. Dies geht \u00fcbrigens auch, wenn Sie nicht in Mecklenburg-Vorpommern wohnen.<\/strong><\/p>\r\n<hr \/>\r\n<p>&nbsp;<\/p>\r\n","protected":false},"excerpt":{"rendered":"<p>Warum Mitglied werden? pers\u00f6nliche Einladung zu allen Veranstaltungen der Scheele-Gesellschaft erm\u00e4\u00dfigte Teilnahmegeb\u00fchr zur j\u00e4hrlichen Tagung, die durch Vortr\u00e4ge zu hochaktuellen Themen und wissenschaftlichen Entwicklungen eine sehr gute Fortbildungsm\u00f6glichkeit darstellt Unterst\u00fctzung der Scheele-Gesellschaft in ihrem Anliegen, den wissenschaftlichen Nachwuchs zu f\u00f6rdern kostenloser Bezug der Zeitschrift \u201ePharmazie in unserer Zeit\u201c, in der das Wissen zu einzelnen Arzneimittelgruppen &hellip; <\/p>\n<p class=\"link-more\"><a href=\"https:\/\/www.scheele-gesellschaft.de\/?page_id=29\" class=\"more-link\"><span class=\"screen-reader-text\">\u201eMitglied werden\u201c<\/span> weiterlesen<\/a><\/p>\n","protected":false},"author":1,"featured_media":0,"parent":0,"menu_order":0,"comment_status":"closed","ping_status":"closed","template":"","meta":{"footnotes":""},"class_list":["post-29","page","type-page","status-publish","hentry","entry"],"_links":{"self":[{"href":"https:\/\/www.scheele-gesellschaft.de\/index.php?rest_route=\/wp\/v2\/pages\/29","targetHints":{"allow":["GET"]}}],"collection":[{"href":"https:\/\/www.scheele-gesellschaft.de\/index.php?rest_route=\/wp\/v2\/pages"}],"about":[{"href":"https:\/\/www.scheele-gesellschaft.de\/index.php?rest_route=\/wp\/v2\/types\/page"}],"author":[{"embeddable":true,"href":"https:\/\/www.scheele-gesellschaft.de\/index.php?rest_route=\/wp\/v2\/users\/1"}],"replies":[{"embeddable":true,"href":"https:\/\/www.scheele-gesellschaft.de\/index.php?rest_route=%2Fwp%2Fv2%2Fcomments&post=29"}],"version-history":[{"count":7,"href":"https:\/\/www.scheele-gesellschaft.de\/index.php?rest_route=\/wp\/v2\/pages\/29\/revisions"}],"predecessor-version":[{"id":160,"href":"https:\/\/www.scheele-gesellschaft.de\/index.php?rest_route=\/wp\/v2\/pages\/29\/revisions\/160"}],"wp:attachment":[{"href":"https:\/\/www.scheele-gesellschaft.de\/index.php?rest_route=%2Fwp%2Fv2%2Fmedia&parent=29"}],"curies":[{"name":"wp","href":"https:\/\/api.w.org\/{rel}","templated":true}]}}