{"id":23,"date":"2022-09-16T08:53:22","date_gmt":"2022-09-16T08:53:22","guid":{"rendered":"https:\/\/www.scheele-gesellschaft.de\/wp\/?page_id=23"},"modified":"2026-04-22T10:08:21","modified_gmt":"2026-04-22T10:08:21","slug":"tagungen","status":"publish","type":"page","link":"https:\/\/www.scheele-gesellschaft.de\/?page_id=23","title":{"rendered":"Tagungen"},"content":{"rendered":"\r\n\r\n\r\n\r\n\r\n\r\n\r\n\r\n\r\n<p><img loading=\"lazy\" decoding=\"async\" class=\"alignnone wp-image-203 size-full\" src=\"https:\/\/www.scheele-gesellschaft.de\/wp-content\/uploads\/2026\/04\/Ankuendigung-Scheele-Kolloquium-2026-fuer-Homepage-scaled-e1776852134481.jpg\" alt=\"\" width=\"1500\" height=\"1126\" \/><\/p>\r\n<p>Wir werden das Kolloquium hybrid durchf\u00fchren, mit folgendem Link k\u00f6nnen Sie online teilnehmen:<\/p>\r\n<p><b><a href=\"https:\/\/uni-greifswald-de.zoom.us\/j\/84496801682?pwd=sauKem7k1Nth3mxM0RaKrpA9XRXoqL.1\">https<\/a><\/b><b><a href=\"https:\/\/uni-greifswald-de.zoom.us\/j\/84496801682?pwd=sauKem7k1Nth3mxM0RaKrpA9XRXoqL.1\">:\/\/uni-greifswald-de.zoom.us\/j\/84496801682?pwd=sauKem7k1Nth3mxM0RaKrpA9XRXoqL.1<\/a><\/b><b>.<\/b><\/p>\r\n<p><b>F\u00fcr die Veranstaltung beantragen wir 2 Fortbildungspunkte bei der Apothekerkammer MV.<\/b><\/p>\r\n<p>&nbsp;<\/p>\r\n<p>&nbsp;<\/p>\r\n<p style=\"text-align: center;\">Anmeldungen f\u00fcr die Scheele-Tagung 2025 k\u00f6nnen voraussichtlich ab August 2026 \u00fcber das <a href=\"https:\/\/akmv.de\/apothekertag\/\">Anmeldeportal<\/a> der Apothekerkammer Mecklenburg-Vorpommern \u00a0vorgenommen werden.<\/p>\r\n<h3 style=\"text-align: center;\"><b>Jahrestagung der Scheele-Gesellschaft\u00a0 &amp; Apothekertag Mecklenburg-Vorpommern 2026<\/b><\/h3>\r\n<h3 style=\"text-align: center;\"><img loading=\"lazy\" decoding=\"async\" class=\"aligncenter wp-image-132 size-full\" src=\"https:\/\/www.scheele-gesellschaft.de\/wp-content\/uploads\/2024\/06\/Hotel-Neptun-im-Winter.jpg\" alt=\"\" width=\"1500\" height=\"330\" srcset=\"https:\/\/www.scheele-gesellschaft.de\/wp-content\/uploads\/2024\/06\/Hotel-Neptun-im-Winter.jpg 1500w, https:\/\/www.scheele-gesellschaft.de\/wp-content\/uploads\/2024\/06\/Hotel-Neptun-im-Winter-300x66.jpg 300w, https:\/\/www.scheele-gesellschaft.de\/wp-content\/uploads\/2024\/06\/Hotel-Neptun-im-Winter-1024x225.jpg 1024w, https:\/\/www.scheele-gesellschaft.de\/wp-content\/uploads\/2024\/06\/Hotel-Neptun-im-Winter-768x169.jpg 768w\" sizes=\"auto, (max-width: 1500px) 100vw, 1500px\" \/><\/h3>\r\n<h6 style=\"text-align: center;\"><em>Kompakte Fortbildung \u2013 Berufspolitische Information \u2013 Treffpunkt f\u00fcr und mit Kollegen<\/em><\/h6>\r\n<h3 style=\"text-align: center;\"><b>06. bis 08. November 2026<\/b><\/h3>\r\n<h5 style=\"text-align: center;\"><b>Rostock-Warnem\u00fcnde, Hotel Neptun<\/b><\/h5>\r\n<h6 style=\"text-align: center;\">Fortbildung<\/h6>\r\n<p style=\"text-align: center;\">\u00a0<\/p>\r\n<h6 style=\"text-align: center;\">Berufspolitik<\/h6>\r\n<p style=\"text-align: center;\">\u00a0<\/p>\r\n<h6 style=\"text-align: center;\">Scheele-Vorsymposium am 06. November 2026<\/h6>\r\n<p style=\"text-align: center;\">\u00a0<\/p>\r\n<h4 style=\"text-align: center;\">Die Vorst\u00e4nde der Scheele-Gesellschaft und der Apothekerkammer Mecklenburg-Vorpommern laden Sie herzlich ein.<\/h4>\r\n<h5 style=\"text-align: center;\">Programm<\/h5>\r\n<h5 style=\"text-align: center;\">Organisatorische Hinweise<\/h5>\r\n<p>&nbsp;<\/p>\r\n<hr \/>\r\n<h3 style=\"text-align: center;\">Studierendenf\u00f6rderung zur Scheele-Tagung<\/h3>\r\n<p style=\"text-align: center;\">Die Scheele-Gesellschaft m\u00f6chte wie jedes Jahr den beruflichen Nachwuchs f\u00f6rdern und l\u00e4dt Pharmaziestudierende zur Scheele-Tagung und dem Apothekertag Mecklenburg-Vorpommern herzlich ein. F\u00fcr <strong>25 Studierende<\/strong>, die Mitglied der Scheele-Gesellschaft \/ DPhG sind, werden folgende Kosten \u00fcbernommen (die Auswahl erfolgt nach Datum der Tagungsanmeldung):<\/p>\r\n<ul>\r\n<li style=\"text-align: center;\"><strong>Reisekosten von max. 15 \u20ac von Greifswald zum Tagungsort und zur\u00fcck (Bitte Fahrkarte oder Tankquittung einreichen)<\/strong><\/li>\r\n<li style=\"text-align: center;\"><strong>Tagungsgeb\u00fchr<\/strong><\/li>\r\n<li style=\"text-align: center;\"><strong>\u00dcbernachtungskosten von 35 \u20ac pro Nacht ohne Fr\u00fchst\u00fcck (max. 2 N\u00e4chte)<\/strong><\/li>\r\n<\/ul>\r\n<p style=\"text-align: center;\">Die Anmeldung erfolgt ebenfalls \u00fcber das <a href=\"https:\/\/akmv.de\/apothekertag\/\">Anmeldeformular<\/a> der Apothekerkammer Mecklenburg-Vorpommern. Die Tagungsunterlagen enthalten ein Reisekostenabrechnungsformular. Dieses ist ausgef\u00fcllt mit Unterschrift und Belegen bis 30.11.2025 an die Schatzmeisterin Frau Dipl.-Pharm. Antje Trekel zu schicken.<\/p>\r\n<p style=\"text-align: center;\">Dipl.-Pharm. Antje Trekel<\/p>\r\n<p style=\"text-align: center;\">Schatzmeisterin der Scheele-Gesellschaft &#8211; LG MV der DPhG<\/p>\r\n<p style=\"text-align: center;\">Krankenhausapotheke Klinikum S\u00fcd<\/p>\r\n<p style=\"text-align: center;\">S\u00fcdring 81<\/p>\r\n<p style=\"text-align: center;\">18059 Rostock<\/p>\r\n<p>&nbsp;<\/p>\r\n<hr \/>\r\n<h3 style=\"text-align: center;\">PharmaziepraktikantInnen und DoktorandInnen<\/h3>\r\n<p style=\"text-align: center;\">PharmaziepraktikantInnen und DoktorandInnen sind ebenfalls herzlich zur Tagung eingeladen und <strong>zahlen keine Tagungsgeb\u00fchren<\/strong>. Eine \u00dcbernahme von Reisekosten kann jedoch nicht erfolgen. Die Anmeldung erfolgt ebenfalls \u00fcber das <a href=\"https:\/\/akmv.de\/apothekertag\/\">Anmeldeformular<\/a> der Apothekerkammer Mecklenburgburg-Vorpommern.<\/p>\r\n","protected":false},"excerpt":{"rendered":"","protected":false},"author":1,"featured_media":132,"parent":0,"menu_order":0,"comment_status":"closed","ping_status":"closed","template":"","meta":{"footnotes":""},"class_list":["post-23","page","type-page","status-publish","has-post-thumbnail","hentry","entry"],"_links":{"self":[{"href":"https:\/\/www.scheele-gesellschaft.de\/index.php?rest_route=\/wp\/v2\/pages\/23","targetHints":{"allow":["GET"]}}],"collection":[{"href":"https:\/\/www.scheele-gesellschaft.de\/index.php?rest_route=\/wp\/v2\/pages"}],"about":[{"href":"https:\/\/www.scheele-gesellschaft.de\/index.php?rest_route=\/wp\/v2\/types\/page"}],"author":[{"embeddable":true,"href":"https:\/\/www.scheele-gesellschaft.de\/index.php?rest_route=\/wp\/v2\/users\/1"}],"replies":[{"embeddable":true,"href":"https:\/\/www.scheele-gesellschaft.de\/index.php?rest_route=%2Fwp%2Fv2%2Fcomments&post=23"}],"version-history":[{"count":42,"href":"https:\/\/www.scheele-gesellschaft.de\/index.php?rest_route=\/wp\/v2\/pages\/23\/revisions"}],"predecessor-version":[{"id":208,"href":"https:\/\/www.scheele-gesellschaft.de\/index.php?rest_route=\/wp\/v2\/pages\/23\/revisions\/208"}],"wp:featuredmedia":[{"embeddable":true,"href":"https:\/\/www.scheele-gesellschaft.de\/index.php?rest_route=\/wp\/v2\/media\/132"}],"wp:attachment":[{"href":"https:\/\/www.scheele-gesellschaft.de\/index.php?rest_route=%2Fwp%2Fv2%2Fmedia&parent=23"}],"curies":[{"name":"wp","href":"https:\/\/api.w.org\/{rel}","templated":true}]}}